{"id":3271,"date":"2020-10-06T09:25:49","date_gmt":"2020-10-06T09:25:49","guid":{"rendered":"https:\/\/nerjataxi6.com\/politica-de-privacidad\/"},"modified":"2021-01-04T10:39:17","modified_gmt":"2021-01-04T10:39:17","slug":"politica-de-privacidad","status":"publish","type":"page","link":"https:\/\/nerjataxi6.com\/en\/politica-de-privacidad\/","title":{"rendered":"Pol\u00edtica de privacidad"},"content":{"rendered":"\n<p><strong>LSSICE<\/strong><\/p>\n\n\n\n<p>ADAPTACI\u00d3N A LA LEY 34\/2002 DE SERVICIOS DE LA SOCIEDAD DE LA INFORMACI\u00d3N Y COMERCIO ELECTR\u00d3NICO (LSSICE).<\/p>\n\n\n\n<p>Se recomienda la inclusi\u00f3n de un enlace a este Aviso Legal, en cada una de las p\u00e1ginas que componen el sitio web:<\/p>\n\n\n\n<p><em><strong>AVISO LEGAL:<\/strong><\/em><\/p>\n\n\n\n<p><em>En cumplimiento del art\u00edculo 10 de la Ley 34\/2002, de &nbsp;11 de julio, de Servicios de la Sociedad de la Informaci\u00f3n y Comercio Electr\u00f3nico (LSSICE) a continuaci\u00f3n se detallan los datos identificativos de la entidad:<\/em><\/p>\n\n\n\n<p><strong><em>Raz\u00f3n social: ANTONIO DANIEL ORTEGA MARTIN<\/em><\/strong><\/p>\n\n\n\n<p><strong><em>NIF: 53369905S<\/em><\/strong><\/p>\n\n\n\n<p><strong><em>Direcci\u00f3n: AVENIDA CIUDAD DE PESCIA N\u00ba 4, 29780, Nerja (M\u00e1laga)<\/em><\/strong><\/p>\n\n\n\n<p><strong><em>Tel\u00e9fono: <\/em><\/strong>(+34) 619 097521<\/p>\n\n\n\n<p><strong><em>Email: info@nerjataxi6.com<\/em><\/strong><\/p>\n\n\n\n<p><strong><u>PUBLICITAR SERVICIOS<\/u><\/strong><\/p>\n\n\n\n<p><strong><u>DATOS DE CONTACTO<\/u><\/strong><\/p>\n\n\n\n<p>El presente aviso legal (en adelante, el &#8220;Aviso Legal&#8221;) regula el uso del sitio web: www.nerjataxi6.com&#8221;<\/p>\n\n\n\n<p><strong><em>LEGISLACI\u00d3N.<\/em><\/strong><\/p>\n\n\n\n<p>Con car\u00e1cter general las relaciones entre ANTONIO DANIEL ORTEGA MARTIN y los Usuarios de sus servicios telem\u00e1ticos, presentes en este sitio web, se encuentran sometidas a la legislaci\u00f3n y jurisdicci\u00f3n espa\u00f1olas.<\/p>\n\n\n\n<p><strong><em>USO Y ACCESO DE USUARIOS.<\/em><\/strong><\/p>\n\n\n\n<p>El Usuario queda informado, y acepta, que el acceso a la presente web no supone, en modo alguno, el inicio de una relaci\u00f3n comercial con ANTONIO DANIEL ORTEGA MARTIN o cualquiera de sus delegaciones.<\/p>\n\n\n\n<p><strong>PROPIEDAD INTELECTUAL E INDUSTRIAL.<\/strong><\/p>\n\n\n\n<p>Los derechos de propiedad intelectual del contenido de las p\u00e1ginas web, su dise\u00f1o gr\u00e1fico y c\u00f3digos son titularidad de ANTONIO DANIEL ORTEGA MARTIN y, por tanto, queda prohibida su reproducci\u00f3n, distribuci\u00f3n, comunicaci\u00f3n p\u00fablica, transformaci\u00f3n o cualquier otra actividad que se pueda realizar con los contenidos de sus p\u00e1ginas web ni aun citando las fuentes, salvo consentimiento por escrito de ANTONIO DANIEL ORTEGA MARTIN.<\/p>\n\n\n\n<p><strong>CONTENIDO DE LA WEB Y ENLACES (LINKS).<\/strong><\/p>\n\n\n\n<p>ANTONIO DANIEL ORTEGA MARTIN&nbsp;se reserva el derecho a actualizar, modificar o eliminar la informaci\u00f3n contenida en sus p\u00e1ginas web pudiendo incluso limitar o no permitir el acceso a dicha informaci\u00f3n a ciertos usuarios.<\/p>\n\n\n\n<p><strong>ANTONIO DANIEL ORTEGA MARTIN no asume responsabilidad alguna por la informaci\u00f3n contenida en p\u00e1ginas web de terceros a las que se pueda acceder por &#8220;links&#8221; o enlaces desde cualquier p\u00e1gina web propiedad de ANTONIO DANIEL ORTEGA MARTIN. La presencia de &#8220;links&#8221; o enlaces en las p\u00e1ginas web de ANTONIO DANIEL ORTEGA MARTIN tiene finalidad meramente informativa y en ning\u00fan caso supone sugerencia, invitaci\u00f3n o recomendaci\u00f3n sobre los mismos.<\/strong><\/p>\n","protected":false},"excerpt":{"rendered":"<p>LSSICE ADAPTACI\u00d3N A LA LEY 34\/2002 DE SERVICIOS DE LA SOCIEDAD DE LA INFORMACI\u00d3N Y COMERCIO ELECTR\u00d3NICO (LSSICE). Se recomienda la inclusi\u00f3n de un enlace a este Aviso Legal, en cada una de las p\u00e1ginas que componen el sitio web: AVISO LEGAL: En cumplimiento del art\u00edculo 10 de la Ley 34\/2002, de &nbsp;11 de julio, [&hellip;]<\/p>\n","protected":false},"author":1,"featured_media":0,"parent":0,"menu_order":0,"comment_status":"closed","ping_status":"closed","template":"","meta":{"site-sidebar-layout":"default","site-content-layout":"default","ast-site-content-layout":"","site-content-style":"default","site-sidebar-style":"default","ast-global-header-display":"","ast-banner-title-visibility":"","ast-main-header-display":"","ast-hfb-above-header-display":"","ast-hfb-below-header-display":"","ast-hfb-mobile-header-display":"","site-post-title":"","ast-breadcrumbs-content":"","ast-featured-img":"","footer-sml-layout":"","theme-transparent-header-meta":"default","adv-header-id-meta":"","stick-header-meta":"default","header-above-stick-meta":"","header-main-stick-meta":"","header-below-stick-meta":"","astra-migrate-meta-layouts":"default","ast-page-background-enabled":"default","ast-page-background-meta":{"desktop":{"background-color":"","background-image":"","background-repeat":"repeat","background-position":"center center","background-size":"auto","background-attachment":"scroll","background-type":"","background-media":"","overlay-type":"","overlay-color":"","overlay-opacity":"","overlay-gradient":""},"tablet":{"background-color":"","background-image":"","background-repeat":"repeat","background-position":"center center","background-size":"auto","background-attachment":"scroll","background-type":"","background-media":"","overlay-type":"","overlay-color":"","overlay-opacity":"","overlay-gradient":""},"mobile":{"background-color":"","background-image":"","background-repeat":"repeat","background-position":"center center","background-size":"auto","background-attachment":"scroll","background-type":"","background-media":"","overlay-type":"","overlay-color":"","overlay-opacity":"","overlay-gradient":""}},"ast-content-background-meta":{"desktop":{"background-color":"var(--ast-global-color-5)","background-image":"","background-repeat":"repeat","background-position":"center center","background-size":"auto","background-attachment":"scroll","background-type":"","background-media":"","overlay-type":"","overlay-color":"","overlay-opacity":"","overlay-gradient":""},"tablet":{"background-color":"var(--ast-global-color-5)","background-image":"","background-repeat":"repeat","background-position":"center center","background-size":"auto","background-attachment":"scroll","background-type":"","background-media":"","overlay-type":"","overlay-color":"","overlay-opacity":"","overlay-gradient":""},"mobile":{"background-color":"var(--ast-global-color-5)","background-image":"","background-repeat":"repeat","background-position":"center center","background-size":"auto","background-attachment":"scroll","background-type":"","background-media":"","overlay-type":"","overlay-color":"","overlay-opacity":"","overlay-gradient":""}},"footnotes":""},"class_list":["post-3271","page","type-page","status-publish","hentry"],"yoast_head":"<!-- This site is optimized with the Yoast SEO plugin v24.6 - https:\/\/yoast.com\/wordpress\/plugins\/seo\/ -->\n<title>Pol\u00edtica de privacidad - Nerja Taxi 6<\/title>\n<meta name=\"robots\" content=\"index, follow, max-snippet:-1, max-image-preview:large, max-video-preview:-1\" \/>\n<link rel=\"canonical\" href=\"https:\/\/nerjataxi6.com\/en\/politica-de-privacidad\/\" \/>\n<meta property=\"og:locale\" content=\"en_US\" \/>\n<meta property=\"og:type\" content=\"article\" \/>\n<meta property=\"og:title\" content=\"Pol\u00edtica de privacidad - Nerja Taxi 6\" \/>\n<meta property=\"og:description\" content=\"LSSICE ADAPTACI\u00d3N A LA LEY 34\/2002 DE SERVICIOS DE LA SOCIEDAD DE LA INFORMACI\u00d3N Y COMERCIO ELECTR\u00d3NICO (LSSICE). Se recomienda la inclusi\u00f3n de un enlace a este Aviso Legal, en cada una de las p\u00e1ginas que componen el sitio web: AVISO LEGAL: En cumplimiento del art\u00edculo 10 de la Ley 34\/2002, de &nbsp;11 de julio, [&hellip;]\" \/>\n<meta property=\"og:url\" content=\"https:\/\/nerjataxi6.com\/en\/politica-de-privacidad\/\" \/>\n<meta property=\"og:site_name\" content=\"Nerja Taxi 6\" \/>\n<meta property=\"article:modified_time\" content=\"2021-01-04T10:39:17+00:00\" \/>\n<meta name=\"twitter:card\" content=\"summary_large_image\" \/>\n<meta name=\"twitter:label1\" content=\"Est. reading time\" \/>\n\t<meta name=\"twitter:data1\" content=\"2 minutes\" \/>\n<script type=\"application\/ld+json\" class=\"yoast-schema-graph\">{\"@context\":\"https:\/\/schema.org\",\"@graph\":[{\"@type\":\"WebPage\",\"@id\":\"https:\/\/nerjataxi6.com\/en\/politica-de-privacidad\/\",\"url\":\"https:\/\/nerjataxi6.com\/en\/politica-de-privacidad\/\",\"name\":\"Pol\u00edtica de privacidad - Nerja Taxi 6\",\"isPartOf\":{\"@id\":\"https:\/\/nerjataxi6.com\/#website\"},\"datePublished\":\"2020-10-06T09:25:49+00:00\",\"dateModified\":\"2021-01-04T10:39:17+00:00\",\"breadcrumb\":{\"@id\":\"https:\/\/nerjataxi6.com\/en\/politica-de-privacidad\/#breadcrumb\"},\"inLanguage\":\"en-US\",\"potentialAction\":[{\"@type\":\"ReadAction\",\"target\":[\"https:\/\/nerjataxi6.com\/en\/politica-de-privacidad\/\"]}]},{\"@type\":\"BreadcrumbList\",\"@id\":\"https:\/\/nerjataxi6.com\/en\/politica-de-privacidad\/#breadcrumb\",\"itemListElement\":[{\"@type\":\"ListItem\",\"position\":1,\"name\":\"Portada\",\"item\":\"https:\/\/nerjataxi6.com\/\"},{\"@type\":\"ListItem\",\"position\":2,\"name\":\"Pol\u00edtica de privacidad\"}]},{\"@type\":\"WebSite\",\"@id\":\"https:\/\/nerjataxi6.com\/#website\",\"url\":\"https:\/\/nerjataxi6.com\/\",\"name\":\"Nerja Taxi 6\",\"description\":\"L\u00edderes en traslados desde Nerja al Aeropuerto de M\u00e1laga\",\"publisher\":{\"@id\":\"https:\/\/nerjataxi6.com\/#organization\"},\"potentialAction\":[{\"@type\":\"SearchAction\",\"target\":{\"@type\":\"EntryPoint\",\"urlTemplate\":\"https:\/\/nerjataxi6.com\/?s={search_term_string}\"},\"query-input\":{\"@type\":\"PropertyValueSpecification\",\"valueRequired\":true,\"valueName\":\"search_term_string\"}}],\"inLanguage\":\"en-US\"},{\"@type\":\"Organization\",\"@id\":\"https:\/\/nerjataxi6.com\/#organization\",\"name\":\"Nerja Taxi 6\",\"url\":\"https:\/\/nerjataxi6.com\/\",\"logo\":{\"@type\":\"ImageObject\",\"inLanguage\":\"en-US\",\"@id\":\"https:\/\/nerjataxi6.com\/#\/schema\/logo\/image\/\",\"url\":\"https:\/\/nerjataxi6.com\/wp-content\/uploads\/2020\/12\/Logo-Nerja-Taxi-6.png\",\"contentUrl\":\"https:\/\/nerjataxi6.com\/wp-content\/uploads\/2020\/12\/Logo-Nerja-Taxi-6.png\",\"width\":300,\"height\":95,\"caption\":\"Nerja Taxi 6\"},\"image\":{\"@id\":\"https:\/\/nerjataxi6.com\/#\/schema\/logo\/image\/\"}}]}<\/script>\n<!-- \/ Yoast SEO plugin. -->","yoast_head_json":{"title":"Pol\u00edtica de privacidad - Nerja Taxi 6","robots":{"index":"index","follow":"follow","max-snippet":"max-snippet:-1","max-image-preview":"max-image-preview:large","max-video-preview":"max-video-preview:-1"},"canonical":"https:\/\/nerjataxi6.com\/en\/politica-de-privacidad\/","og_locale":"en_US","og_type":"article","og_title":"Pol\u00edtica de privacidad - Nerja Taxi 6","og_description":"LSSICE ADAPTACI\u00d3N A LA LEY 34\/2002 DE SERVICIOS DE LA SOCIEDAD DE LA INFORMACI\u00d3N Y COMERCIO ELECTR\u00d3NICO (LSSICE). Se recomienda la inclusi\u00f3n de un enlace a este Aviso Legal, en cada una de las p\u00e1ginas que componen el sitio web: AVISO LEGAL: En cumplimiento del art\u00edculo 10 de la Ley 34\/2002, de &nbsp;11 de julio, [&hellip;]","og_url":"https:\/\/nerjataxi6.com\/en\/politica-de-privacidad\/","og_site_name":"Nerja Taxi 6","article_modified_time":"2021-01-04T10:39:17+00:00","twitter_card":"summary_large_image","twitter_misc":{"Est. reading time":"2 minutes"},"schema":{"@context":"https:\/\/schema.org","@graph":[{"@type":"WebPage","@id":"https:\/\/nerjataxi6.com\/en\/politica-de-privacidad\/","url":"https:\/\/nerjataxi6.com\/en\/politica-de-privacidad\/","name":"Pol\u00edtica de privacidad - Nerja Taxi 6","isPartOf":{"@id":"https:\/\/nerjataxi6.com\/#website"},"datePublished":"2020-10-06T09:25:49+00:00","dateModified":"2021-01-04T10:39:17+00:00","breadcrumb":{"@id":"https:\/\/nerjataxi6.com\/en\/politica-de-privacidad\/#breadcrumb"},"inLanguage":"en-US","potentialAction":[{"@type":"ReadAction","target":["https:\/\/nerjataxi6.com\/en\/politica-de-privacidad\/"]}]},{"@type":"BreadcrumbList","@id":"https:\/\/nerjataxi6.com\/en\/politica-de-privacidad\/#breadcrumb","itemListElement":[{"@type":"ListItem","position":1,"name":"Portada","item":"https:\/\/nerjataxi6.com\/"},{"@type":"ListItem","position":2,"name":"Pol\u00edtica de privacidad"}]},{"@type":"WebSite","@id":"https:\/\/nerjataxi6.com\/#website","url":"https:\/\/nerjataxi6.com\/","name":"Nerja Taxi 6","description":"L\u00edderes en traslados desde Nerja al Aeropuerto de M\u00e1laga","publisher":{"@id":"https:\/\/nerjataxi6.com\/#organization"},"potentialAction":[{"@type":"SearchAction","target":{"@type":"EntryPoint","urlTemplate":"https:\/\/nerjataxi6.com\/?s={search_term_string}"},"query-input":{"@type":"PropertyValueSpecification","valueRequired":true,"valueName":"search_term_string"}}],"inLanguage":"en-US"},{"@type":"Organization","@id":"https:\/\/nerjataxi6.com\/#organization","name":"Nerja Taxi 6","url":"https:\/\/nerjataxi6.com\/","logo":{"@type":"ImageObject","inLanguage":"en-US","@id":"https:\/\/nerjataxi6.com\/#\/schema\/logo\/image\/","url":"https:\/\/nerjataxi6.com\/wp-content\/uploads\/2020\/12\/Logo-Nerja-Taxi-6.png","contentUrl":"https:\/\/nerjataxi6.com\/wp-content\/uploads\/2020\/12\/Logo-Nerja-Taxi-6.png","width":300,"height":95,"caption":"Nerja Taxi 6"},"image":{"@id":"https:\/\/nerjataxi6.com\/#\/schema\/logo\/image\/"}}]}},"_links":{"self":[{"href":"https:\/\/nerjataxi6.com\/en\/wp-json\/wp\/v2\/pages\/3271","targetHints":{"allow":["GET"]}}],"collection":[{"href":"https:\/\/nerjataxi6.com\/en\/wp-json\/wp\/v2\/pages"}],"about":[{"href":"https:\/\/nerjataxi6.com\/en\/wp-json\/wp\/v2\/types\/page"}],"author":[{"embeddable":true,"href":"https:\/\/nerjataxi6.com\/en\/wp-json\/wp\/v2\/users\/1"}],"replies":[{"embeddable":true,"href":"https:\/\/nerjataxi6.com\/en\/wp-json\/wp\/v2\/comments?post=3271"}],"version-history":[{"count":1,"href":"https:\/\/nerjataxi6.com\/en\/wp-json\/wp\/v2\/pages\/3271\/revisions"}],"predecessor-version":[{"id":3272,"href":"https:\/\/nerjataxi6.com\/en\/wp-json\/wp\/v2\/pages\/3271\/revisions\/3272"}],"wp:attachment":[{"href":"https:\/\/nerjataxi6.com\/en\/wp-json\/wp\/v2\/media?parent=3271"}],"curies":[{"name":"wp","href":"https:\/\/api.w.org\/{rel}","templated":true}]}}