{"id":3266,"date":"2020-07-16T10:28:46","date_gmt":"2020-07-16T10:28:46","guid":{"rendered":"https:\/\/nerjataxi6.com\/aviso-legal\/"},"modified":"2021-01-12T20:25:29","modified_gmt":"2021-01-12T20:25:29","slug":"aviso-legal","status":"publish","type":"page","link":"https:\/\/nerjataxi6.com\/en\/aviso-legal\/","title":{"rendered":"Aviso legal"},"content":{"rendered":"\n<p><strong>Cl\u00e1usula rgpd-lopd\/gdd\npara el cumplimiento del deber informativo y obtenci\u00f3n del consentimiento a\ntrav\u00e9s de la web<\/strong><\/p>\n\n\n\n<p><strong>AVISO LEGAL<\/strong><\/p>\n\n\n\n<p>De acuerdo con lo\nestablecido en el Reglamento General de Protecci\u00f3n de Datos 2016\/679 (RGPD) y\nla Ley Org\u00e1nica 3\/2018, de 5 de diciembre, de Protecci\u00f3n de Datos Personales y\nGarant\u00eda de los Derechos Digitales, le informamos que trataremos sus datos\npersonales con la finalidad de:<\/p>\n\n\n\n<p><strong><em>Prestarle&nbsp; servicio\ncontratado, e informarle sobre los&nbsp;\nservicios publicados en nuestra web<\/em><\/strong><\/p>\n\n\n\n<p>Los datos personales\nproporcionados se conservar\u00e1n, mientras se mantenga la relaci\u00f3n mercantil, no\nse solicite su supresi\u00f3n por el interesado, o durante 1 a\u00f1o a partir de la\n\u00faltima confirmaci\u00f3n de inter\u00e9s, o durante el tiempo necesario para cumplir con\nlas obligaciones legales. La empresa NO tomar\u00e1 decisiones automatizadas. Los\ndatos no se ceder\u00e1n a terceros salvo en los casos en que exista una obligaci\u00f3n\nlegal y los trataremos en base a <strong><em>su\nconsentimiento<\/em><\/strong><\/p>\n\n\n\n<p>Asimismo, le informamos de la posibilidad de ejercer los siguientes derechos sobre sus datos personales: derecho de acceso, rectificaci\u00f3n, supresi\u00f3n u olvido, limitaci\u00f3n, oposici\u00f3n, portabilidad y a retirar el consentimiento prestado, para ello podr\u00e1 enviar un email a: info@nerjataxi6.com.<\/p>\n\n\n\n<p>Adem\u00e1s, el interesado puede dirigirse a la Autoridad de Control en materia de Protecci\u00f3n de Datos competente para obtener informaci\u00f3n adicional o presentar una reclamaci\u00f3n.<\/p>\n\n\n\n<p>Datos identificativos del\nresponsable:<\/p>\n\n\n\n<p>ANTONIO DANIEL ORTEGA MARTIN., 53369905S, AVENIDA CIUDAD DE PESCIA N\u00ba 4 &#8211; 29780 &#8211; NERJA &#8211; MALAGA, tel:+34619097521<\/p>\n","protected":false},"excerpt":{"rendered":"<p>Cl\u00e1usula rgpd-lopd\/gdd para el cumplimiento del deber informativo y obtenci\u00f3n del consentimiento a trav\u00e9s de la web AVISO LEGAL De acuerdo con lo establecido en el Reglamento General de Protecci\u00f3n de Datos 2016\/679 (RGPD) y la Ley Org\u00e1nica 3\/2018, de 5 de diciembre, de Protecci\u00f3n de Datos Personales y Garant\u00eda de los Derechos Digitales, le [&hellip;]<\/p>\n","protected":false},"author":1,"featured_media":0,"parent":0,"menu_order":0,"comment_status":"closed","ping_status":"closed","template":"","meta":{"site-sidebar-layout":"default","site-content-layout":"default","ast-site-content-layout":"","site-content-style":"default","site-sidebar-style":"default","ast-global-header-display":"","ast-banner-title-visibility":"","ast-main-header-display":"","ast-hfb-above-header-display":"","ast-hfb-below-header-display":"","ast-hfb-mobile-header-display":"","site-post-title":"","ast-breadcrumbs-content":"","ast-featured-img":"","footer-sml-layout":"","theme-transparent-header-meta":"default","adv-header-id-meta":"","stick-header-meta":"default","header-above-stick-meta":"","header-main-stick-meta":"","header-below-stick-meta":"","astra-migrate-meta-layouts":"default","ast-page-background-enabled":"default","ast-page-background-meta":{"desktop":{"background-color":"","background-image":"","background-repeat":"repeat","background-position":"center center","background-size":"auto","background-attachment":"scroll","background-type":"","background-media":"","overlay-type":"","overlay-color":"","overlay-opacity":"","overlay-gradient":""},"tablet":{"background-color":"","background-image":"","background-repeat":"repeat","background-position":"center center","background-size":"auto","background-attachment":"scroll","background-type":"","background-media":"","overlay-type":"","overlay-color":"","overlay-opacity":"","overlay-gradient":""},"mobile":{"background-color":"","background-image":"","background-repeat":"repeat","background-position":"center center","background-size":"auto","background-attachment":"scroll","background-type":"","background-media":"","overlay-type":"","overlay-color":"","overlay-opacity":"","overlay-gradient":""}},"ast-content-background-meta":{"desktop":{"background-color":"var(--ast-global-color-5)","background-image":"","background-repeat":"repeat","background-position":"center center","background-size":"auto","background-attachment":"scroll","background-type":"","background-media":"","overlay-type":"","overlay-color":"","overlay-opacity":"","overlay-gradient":""},"tablet":{"background-color":"var(--ast-global-color-5)","background-image":"","background-repeat":"repeat","background-position":"center center","background-size":"auto","background-attachment":"scroll","background-type":"","background-media":"","overlay-type":"","overlay-color":"","overlay-opacity":"","overlay-gradient":""},"mobile":{"background-color":"var(--ast-global-color-5)","background-image":"","background-repeat":"repeat","background-position":"center center","background-size":"auto","background-attachment":"scroll","background-type":"","background-media":"","overlay-type":"","overlay-color":"","overlay-opacity":"","overlay-gradient":""}},"footnotes":""},"class_list":["post-3266","page","type-page","status-publish","hentry"],"yoast_head":"<!-- This site is optimized with the Yoast SEO plugin v24.6 - https:\/\/yoast.com\/wordpress\/plugins\/seo\/ -->\n<title>Aviso legal - Nerja Taxi 6<\/title>\n<meta name=\"robots\" content=\"noindex, follow\" \/>\n<meta property=\"og:locale\" content=\"en_US\" \/>\n<meta property=\"og:type\" content=\"article\" \/>\n<meta property=\"og:title\" content=\"Aviso legal - Nerja Taxi 6\" \/>\n<meta property=\"og:description\" content=\"Cl\u00e1usula rgpd-lopd\/gdd para el cumplimiento del deber informativo y obtenci\u00f3n del consentimiento a trav\u00e9s de la web AVISO LEGAL De acuerdo con lo establecido en el Reglamento General de Protecci\u00f3n de Datos 2016\/679 (RGPD) y la Ley Org\u00e1nica 3\/2018, de 5 de diciembre, de Protecci\u00f3n de Datos Personales y Garant\u00eda de los Derechos Digitales, le [&hellip;]\" \/>\n<meta property=\"og:url\" content=\"https:\/\/nerjataxi6.com\/en\/aviso-legal\/\" \/>\n<meta property=\"og:site_name\" content=\"Nerja Taxi 6\" \/>\n<meta property=\"article:modified_time\" content=\"2021-01-12T20:25:29+00:00\" \/>\n<meta name=\"twitter:card\" content=\"summary_large_image\" \/>\n<meta name=\"twitter:label1\" content=\"Est. reading time\" \/>\n\t<meta name=\"twitter:data1\" content=\"1 minute\" \/>\n<script type=\"application\/ld+json\" class=\"yoast-schema-graph\">{\"@context\":\"https:\/\/schema.org\",\"@graph\":[{\"@type\":\"WebPage\",\"@id\":\"https:\/\/nerjataxi6.com\/en\/aviso-legal\/\",\"url\":\"https:\/\/nerjataxi6.com\/en\/aviso-legal\/\",\"name\":\"Aviso legal - Nerja Taxi 6\",\"isPartOf\":{\"@id\":\"https:\/\/nerjataxi6.com\/#website\"},\"datePublished\":\"2020-07-16T10:28:46+00:00\",\"dateModified\":\"2021-01-12T20:25:29+00:00\",\"breadcrumb\":{\"@id\":\"https:\/\/nerjataxi6.com\/en\/aviso-legal\/#breadcrumb\"},\"inLanguage\":\"en-US\",\"potentialAction\":[{\"@type\":\"ReadAction\",\"target\":[\"https:\/\/nerjataxi6.com\/en\/aviso-legal\/\"]}]},{\"@type\":\"BreadcrumbList\",\"@id\":\"https:\/\/nerjataxi6.com\/en\/aviso-legal\/#breadcrumb\",\"itemListElement\":[{\"@type\":\"ListItem\",\"position\":1,\"name\":\"Portada\",\"item\":\"https:\/\/nerjataxi6.com\/\"},{\"@type\":\"ListItem\",\"position\":2,\"name\":\"Aviso legal\"}]},{\"@type\":\"WebSite\",\"@id\":\"https:\/\/nerjataxi6.com\/#website\",\"url\":\"https:\/\/nerjataxi6.com\/\",\"name\":\"Nerja Taxi 6\",\"description\":\"L\u00edderes en traslados desde Nerja al Aeropuerto de M\u00e1laga\",\"publisher\":{\"@id\":\"https:\/\/nerjataxi6.com\/#organization\"},\"potentialAction\":[{\"@type\":\"SearchAction\",\"target\":{\"@type\":\"EntryPoint\",\"urlTemplate\":\"https:\/\/nerjataxi6.com\/?s={search_term_string}\"},\"query-input\":{\"@type\":\"PropertyValueSpecification\",\"valueRequired\":true,\"valueName\":\"search_term_string\"}}],\"inLanguage\":\"en-US\"},{\"@type\":\"Organization\",\"@id\":\"https:\/\/nerjataxi6.com\/#organization\",\"name\":\"Nerja Taxi 6\",\"url\":\"https:\/\/nerjataxi6.com\/\",\"logo\":{\"@type\":\"ImageObject\",\"inLanguage\":\"en-US\",\"@id\":\"https:\/\/nerjataxi6.com\/#\/schema\/logo\/image\/\",\"url\":\"https:\/\/nerjataxi6.com\/wp-content\/uploads\/2020\/12\/Logo-Nerja-Taxi-6.png\",\"contentUrl\":\"https:\/\/nerjataxi6.com\/wp-content\/uploads\/2020\/12\/Logo-Nerja-Taxi-6.png\",\"width\":300,\"height\":95,\"caption\":\"Nerja Taxi 6\"},\"image\":{\"@id\":\"https:\/\/nerjataxi6.com\/#\/schema\/logo\/image\/\"}}]}<\/script>\n<!-- \/ Yoast SEO plugin. -->","yoast_head_json":{"title":"Aviso legal - Nerja Taxi 6","robots":{"index":"noindex","follow":"follow"},"og_locale":"en_US","og_type":"article","og_title":"Aviso legal - Nerja Taxi 6","og_description":"Cl\u00e1usula rgpd-lopd\/gdd para el cumplimiento del deber informativo y obtenci\u00f3n del consentimiento a trav\u00e9s de la web AVISO LEGAL De acuerdo con lo establecido en el Reglamento General de Protecci\u00f3n de Datos 2016\/679 (RGPD) y la Ley Org\u00e1nica 3\/2018, de 5 de diciembre, de Protecci\u00f3n de Datos Personales y Garant\u00eda de los Derechos Digitales, le [&hellip;]","og_url":"https:\/\/nerjataxi6.com\/en\/aviso-legal\/","og_site_name":"Nerja Taxi 6","article_modified_time":"2021-01-12T20:25:29+00:00","twitter_card":"summary_large_image","twitter_misc":{"Est. reading time":"1 minute"},"schema":{"@context":"https:\/\/schema.org","@graph":[{"@type":"WebPage","@id":"https:\/\/nerjataxi6.com\/en\/aviso-legal\/","url":"https:\/\/nerjataxi6.com\/en\/aviso-legal\/","name":"Aviso legal - Nerja Taxi 6","isPartOf":{"@id":"https:\/\/nerjataxi6.com\/#website"},"datePublished":"2020-07-16T10:28:46+00:00","dateModified":"2021-01-12T20:25:29+00:00","breadcrumb":{"@id":"https:\/\/nerjataxi6.com\/en\/aviso-legal\/#breadcrumb"},"inLanguage":"en-US","potentialAction":[{"@type":"ReadAction","target":["https:\/\/nerjataxi6.com\/en\/aviso-legal\/"]}]},{"@type":"BreadcrumbList","@id":"https:\/\/nerjataxi6.com\/en\/aviso-legal\/#breadcrumb","itemListElement":[{"@type":"ListItem","position":1,"name":"Portada","item":"https:\/\/nerjataxi6.com\/"},{"@type":"ListItem","position":2,"name":"Aviso legal"}]},{"@type":"WebSite","@id":"https:\/\/nerjataxi6.com\/#website","url":"https:\/\/nerjataxi6.com\/","name":"Nerja Taxi 6","description":"L\u00edderes en traslados desde Nerja al Aeropuerto de M\u00e1laga","publisher":{"@id":"https:\/\/nerjataxi6.com\/#organization"},"potentialAction":[{"@type":"SearchAction","target":{"@type":"EntryPoint","urlTemplate":"https:\/\/nerjataxi6.com\/?s={search_term_string}"},"query-input":{"@type":"PropertyValueSpecification","valueRequired":true,"valueName":"search_term_string"}}],"inLanguage":"en-US"},{"@type":"Organization","@id":"https:\/\/nerjataxi6.com\/#organization","name":"Nerja Taxi 6","url":"https:\/\/nerjataxi6.com\/","logo":{"@type":"ImageObject","inLanguage":"en-US","@id":"https:\/\/nerjataxi6.com\/#\/schema\/logo\/image\/","url":"https:\/\/nerjataxi6.com\/wp-content\/uploads\/2020\/12\/Logo-Nerja-Taxi-6.png","contentUrl":"https:\/\/nerjataxi6.com\/wp-content\/uploads\/2020\/12\/Logo-Nerja-Taxi-6.png","width":300,"height":95,"caption":"Nerja Taxi 6"},"image":{"@id":"https:\/\/nerjataxi6.com\/#\/schema\/logo\/image\/"}}]}},"_links":{"self":[{"href":"https:\/\/nerjataxi6.com\/en\/wp-json\/wp\/v2\/pages\/3266","targetHints":{"allow":["GET"]}}],"collection":[{"href":"https:\/\/nerjataxi6.com\/en\/wp-json\/wp\/v2\/pages"}],"about":[{"href":"https:\/\/nerjataxi6.com\/en\/wp-json\/wp\/v2\/types\/page"}],"author":[{"embeddable":true,"href":"https:\/\/nerjataxi6.com\/en\/wp-json\/wp\/v2\/users\/1"}],"replies":[{"embeddable":true,"href":"https:\/\/nerjataxi6.com\/en\/wp-json\/wp\/v2\/comments?post=3266"}],"version-history":[{"count":2,"href":"https:\/\/nerjataxi6.com\/en\/wp-json\/wp\/v2\/pages\/3266\/revisions"}],"predecessor-version":[{"id":3356,"href":"https:\/\/nerjataxi6.com\/en\/wp-json\/wp\/v2\/pages\/3266\/revisions\/3356"}],"wp:attachment":[{"href":"https:\/\/nerjataxi6.com\/en\/wp-json\/wp\/v2\/media?parent=3266"}],"curies":[{"name":"wp","href":"https:\/\/api.w.org\/{rel}","templated":true}]}}